{"id":1079,"date":"2015-02-18T23:57:59","date_gmt":"2015-02-18T23:57:59","guid":{"rendered":"http:\/\/taxhelplaw.com\/sp\/?page_id=1079"},"modified":"2023-02-08T19:55:11","modified_gmt":"2023-02-08T19:55:11","slug":"aviso-st11","status":"publish","type":"page","link":"https:\/\/taxhelplaw.com\/sptax\/soluciones\/cobros\/aviso-st11\/","title":{"rendered":"Aviso ST11"},"content":{"rendered":"<p>El Aviso ST11 es casi exactamente igual al Aviso <a href=\"\/\/taxhelplaw.com\/sptax\/soluciones\/cobros\/aviso-cp604\/\"><span style=\"color: #0066ff;\"><strong>CP604<\/strong><\/span><\/a> y <a href=\"https:\/\/taxhelplaw.com\/sptax\/soluciones\/cobros\/carta-1058\/\"><span style=\"color: #0066ff;\"><strong>Carta 1058<\/strong><\/span><\/a> y le comunican que el IRS tiene intenci\u00f3n de apoderarse de sus propiedades y dinero. C\u00f3mo reaccionar depende de su situaci\u00f3n. Algunas personas nunca han recibido avisos del gobierno y est\u00e1n completamente sorprendidas, mientras otras personas han tenido problemas con el IRS por a\u00f1os.<\/p>\n<p>C\u00f3mo responder al IRS:<\/p>\n<p>Primero hay que determinar cu\u00e1nto debe y por qu\u00e9 (seg\u00fan el IRS). H\u00e1bleles por tel\u00e9fono al 1-800-829-1040 y pida lo siguiente:<\/p>\n<p>1) Transcripci\u00f3n de salario e ingresos, 2) Transcripci\u00f3n de su cuenta, 3) Transcripci\u00f3n de sus declaraciones de impuestos (si usted no los tiene). Tambi\u00e9n puede visitar el sitio del <a href=\"https:\/\/www.irs.gov\/es\/individuals\/understanding-your-lt11-notice-or-letter-1058\" target=\"_blank\" rel=\"noopener\">IRS<\/a> si se trata de impuestos recientes.<\/p>\n<p>No tenga miedo de llamar al IRS, el n\u00famero de arriba es un n\u00famero <span style=\"text-decoration: underline;\">general<\/span> de los empleados del IRS y no tienen autoridad de cobrarle. Antes de hablar con los empleados a cargo de los cobros, usted necesita las transcripciones. Lo mejor es obtener las <a href=\"https:\/\/www.irs.gov\/es\/individuals\/get-transcript\" target=\"_blank\" rel=\"noopener\">transcripciones<\/a> online.<\/p>\n<p>Temporariamente usted tiene que establecer un acuerdo de pago con el IRS. Para hacerlo, es muy probable que tenga que demostrar su situaci\u00f3n financiera usando los Formularios <strong><span style=\"color: #0066ff;\"><a class=\"popup\" href=\"\/\/www.irs.gov\/pub\/irs-pdf\/f433asp.pdf\" target=\"_blank\" rel=\"noopener\">433A<\/a><\/span><\/strong> o <strong><span style=\"color: #0066ff;\"><a class=\"popup\" href=\"\/\/www.irs.gov\/pub\/irs-pdf\/f433fsp.pdf\" target=\"_blank\" rel=\"noopener\">433F<\/a><\/span><\/strong>, los cuales son dif\u00edciles de completar y dan mucho trabajo. Usted tiene que tener evidencia de todos sus gastos y necesita tanto las facturas como los pagos que ha hecho.<\/p>\n<p>Si no completa esos formularios de la manera que ellos requieren, o no presenta la evidencia que necesitan, continuar\u00e1n tomando su propiedad.<\/p>\n<p>Afortunadamente, nuestro abogado fiscal, el Lic. Hopkins, ha preparado <span style=\"text-decoration: underline;\"><a href=\"https:\/\/taxhelplaw.com\/sptax\/recursos-gratis\/seminarios-web-gratis\/\" target=\"_blank\" rel=\"noopener\">Webinars<\/a><\/span> que muestran en detalle c\u00f3mo completar esos formularios. Usted ahorrar\u00e1 tiempo y dinero siguiendo las instrucciones del abogado.<\/p>\n<p><span style=\"text-decoration: underline;\">Declaraciones de impuestos sin presentar<\/span>: El IRS no va a detener los cobros si usted no ha presentado declaraciones de impuestos. Si los va a presentar, por favor vea los <a href=\"\/\/taxhelplaw.com\/sptax\/soluciones\/pasos-de-casos-solicitud-de-declaracion\/\"><strong><span style=\"color: #0066ff;\">Pasos de Casos<\/span><\/strong><\/a> para Declaraciones sin presentar y perm\u00edtanos trabajar en su caso para rebajar sus costos.<\/p>\n<p>Tenga en cuenta que estos pasos NO son el final del problema. Tenemos que investigar y comparar varias maneras de eliminar o reducir la deuda del IRS y crear un <strong>Plan de Acci\u00f3n<\/strong> para sus circunstancias espec\u00edficas. Si usted ha recibido el Aviso ST11 vea los Pasos de Casos de <strong><span style=\"color: #0066ff;\"><a href=\"\/\/taxhelplaw.com\/sptax\/soluciones\/cobros\/\">Cobros<\/a><\/span><\/strong> donde encontrar\u00e1 m\u00e1s informaci\u00f3n y formularios.<\/p>\n<p><a style=\"display: block; z-index: 1;\" href=\"https:\/\/taxhelplaw.com\/sptax\/soluciones\/cobros\/\"><object style=\"pointer-events: none; z-index: -1; overflow: hidden; border: 0px; padding: 0px; margin: 0px; width: 700px; height: 850px;\" data=\"https:\/\/taxhelplaw.com\/sptax\/wp-content\/uploads\/2022\/10\/Aviso.ST11.jpg\" width=\"710\" height=\"850\"><\/object><\/a><\/p>\n<p><a href=\"https:\/\/taxhelplaw.com\/sptax\/sample-page-2\/contactenos\/\"><img loading=\"lazy\" decoding=\"async\" class=\"aligncenter size-full wp-image-3464\" title=\"Aviso ST11 del IRS\" src=\"https:\/\/taxhelplaw.com\/sptax\/wp-content\/uploads\/2022\/01\/taxhelpenespanol.jpg\" alt=\"Aviso ST11 del IRS. Abogado de derecho fiscal en Colorado Springs. Abogado de impuestos en Colorado Springs\" width=\"300\" height=\"101\" \/><\/a><\/p>\n","protected":false},"excerpt":{"rendered":"<p>El Aviso ST11 es casi exactamente igual al Aviso CP604 y Carta 1058 y le comunican que el IRS tiene intenci\u00f3n de apoderarse de sus propiedades y dinero. C\u00f3mo reaccionar depende de su situaci\u00f3n. Algunas personas nunca han recibido avisos del gobierno y est\u00e1n completamente sorprendidas, mientras otras personas han tenido problemas con el IRS [&hellip;]<\/p>\n","protected":false},"author":1,"featured_media":0,"parent":146,"menu_order":38,"comment_status":"open","ping_status":"closed","template":"","meta":{"_genesis_hide_title":false,"_genesis_hide_breadcrumbs":false,"_genesis_hide_singular_image":false,"_genesis_hide_footer_widgets":false,"_genesis_custom_body_class":"","_genesis_custom_post_class":"","_genesis_layout":"","footnotes":""},"class_list":{"0":"post-1079","1":"page","2":"type-page","3":"status-publish","5":"entry"},"yoast_head":"<!-- This site is optimized with the Yoast SEO Premium plugin v27.0 (Yoast SEO v27.4) - https:\/\/yoast.com\/product\/yoast-seo-premium-wordpress\/ -->\n<title>Aviso ST11. Intenci\u00f3n de apoderarse de sus propiedades - TaxHelpLaw<\/title>\n<meta name=\"description\" content=\"Aviso ST11 del IRS: Para resolver sus problemas de impuestos y con el IRS, p\u00f3ngase en contacto con nuestro abogado fiscal, el Lic. Hopkins.\" \/>\n<meta name=\"robots\" content=\"index, follow, max-snippet:-1, max-image-preview:large, max-video-preview:-1\" \/>\n<link rel=\"canonical\" href=\"https:\/\/taxhelplaw.com\/sptax\/soluciones\/cobros\/aviso-st11\/\" \/>\n<meta property=\"og:locale\" content=\"es_MX\" \/>\n<meta property=\"og:type\" content=\"article\" \/>\n<meta property=\"og:title\" content=\"Aviso ST11\" \/>\n<meta property=\"og:description\" content=\"Aviso ST11 del IRS: Para resolver sus problemas de impuestos y con el IRS, p\u00f3ngase en contacto con nuestro abogado fiscal, el Lic. Hopkins.\" \/>\n<meta property=\"og:url\" content=\"https:\/\/taxhelplaw.com\/sptax\/soluciones\/cobros\/aviso-st11\/\" \/>\n<meta property=\"og:site_name\" content=\"J. David Hopkins, JD LLM\" \/>\n<meta property=\"article:modified_time\" content=\"2023-02-08T19:55:11+00:00\" \/>\n<meta property=\"og:image\" content=\"https:\/\/taxhelplaw.com\/sptax\/wp-content\/uploads\/2022\/01\/taxhelpenespanol.jpg\" \/>\n<meta name=\"twitter:card\" content=\"summary_large_image\" \/>\n<meta name=\"twitter:label1\" content=\"Tiempo de lectura\" \/>\n\t<meta name=\"twitter:data1\" content=\"2 minutos\" \/>\n<script type=\"application\/ld+json\" class=\"yoast-schema-graph\">{\"@context\":\"https:\\\/\\\/schema.org\",\"@graph\":[{\"@type\":\"WebPage\",\"@id\":\"https:\\\/\\\/taxhelplaw.com\\\/sptax\\\/soluciones\\\/cobros\\\/aviso-st11\\\/\",\"url\":\"https:\\\/\\\/taxhelplaw.com\\\/sptax\\\/soluciones\\\/cobros\\\/aviso-st11\\\/\",\"name\":\"Aviso ST11. Intenci\u00f3n de apoderarse de sus propiedades - TaxHelpLaw\",\"isPartOf\":{\"@id\":\"https:\\\/\\\/taxhelplaw.com\\\/sptax\\\/#website\"},\"primaryImageOfPage\":{\"@id\":\"https:\\\/\\\/taxhelplaw.com\\\/sptax\\\/soluciones\\\/cobros\\\/aviso-st11\\\/#primaryimage\"},\"image\":{\"@id\":\"https:\\\/\\\/taxhelplaw.com\\\/sptax\\\/soluciones\\\/cobros\\\/aviso-st11\\\/#primaryimage\"},\"thumbnailUrl\":\"https:\\\/\\\/taxhelplaw.com\\\/sptax\\\/wp-content\\\/uploads\\\/2022\\\/01\\\/taxhelpenespanol.jpg\",\"datePublished\":\"2015-02-18T23:57:59+00:00\",\"dateModified\":\"2023-02-08T19:55:11+00:00\",\"description\":\"Aviso ST11 del IRS: Para resolver sus problemas de impuestos y con el IRS, p\u00f3ngase en contacto con nuestro abogado fiscal, el Lic. Hopkins.\",\"breadcrumb\":{\"@id\":\"https:\\\/\\\/taxhelplaw.com\\\/sptax\\\/soluciones\\\/cobros\\\/aviso-st11\\\/#breadcrumb\"},\"inLanguage\":\"es\",\"potentialAction\":[{\"@type\":\"ReadAction\",\"target\":[\"https:\\\/\\\/taxhelplaw.com\\\/sptax\\\/soluciones\\\/cobros\\\/aviso-st11\\\/\"]}]},{\"@type\":\"ImageObject\",\"inLanguage\":\"es\",\"@id\":\"https:\\\/\\\/taxhelplaw.com\\\/sptax\\\/soluciones\\\/cobros\\\/aviso-st11\\\/#primaryimage\",\"url\":\"https:\\\/\\\/taxhelplaw.com\\\/sptax\\\/wp-content\\\/uploads\\\/2022\\\/01\\\/taxhelpenespanol.jpg\",\"contentUrl\":\"https:\\\/\\\/taxhelplaw.com\\\/sptax\\\/wp-content\\\/uploads\\\/2022\\\/01\\\/taxhelpenespanol.jpg\",\"width\":300,\"height\":101},{\"@type\":\"BreadcrumbList\",\"@id\":\"https:\\\/\\\/taxhelplaw.com\\\/sptax\\\/soluciones\\\/cobros\\\/aviso-st11\\\/#breadcrumb\",\"itemListElement\":[{\"@type\":\"ListItem\",\"position\":1,\"name\":\"Home\",\"item\":\"https:\\\/\\\/taxhelplaw.com\\\/sptax\\\/\"},{\"@type\":\"ListItem\",\"position\":2,\"name\":\"Soluciones\",\"item\":\"https:\\\/\\\/taxhelplaw.com\\\/sptax\\\/soluciones\\\/\"},{\"@type\":\"ListItem\",\"position\":3,\"name\":\"Cobros\",\"item\":\"https:\\\/\\\/taxhelplaw.com\\\/sptax\\\/soluciones\\\/cobros\\\/\"},{\"@type\":\"ListItem\",\"position\":4,\"name\":\"Aviso ST11\"}]},{\"@type\":\"WebSite\",\"@id\":\"https:\\\/\\\/taxhelplaw.com\\\/sptax\\\/#website\",\"url\":\"https:\\\/\\\/taxhelplaw.com\\\/sptax\\\/\",\"name\":\"J. David Hopkins, JD LLM\",\"description\":\"Maestr\u00eda en Derecho Tributario\",\"publisher\":{\"@id\":\"https:\\\/\\\/taxhelplaw.com\\\/sptax\\\/#organization\"},\"alternateName\":\"TaxHelpLaw en Espa\u00f1ol\",\"potentialAction\":[{\"@type\":\"SearchAction\",\"target\":{\"@type\":\"EntryPoint\",\"urlTemplate\":\"https:\\\/\\\/taxhelplaw.com\\\/sptax\\\/?s={search_term_string}\"},\"query-input\":{\"@type\":\"PropertyValueSpecification\",\"valueRequired\":true,\"valueName\":\"search_term_string\"}}],\"inLanguage\":\"es\"},{\"@type\":\"Organization\",\"@id\":\"https:\\\/\\\/taxhelplaw.com\\\/sptax\\\/#organization\",\"name\":\"TaxHelp, Inc.\",\"url\":\"https:\\\/\\\/taxhelplaw.com\\\/sptax\\\/\",\"logo\":{\"@type\":\"ImageObject\",\"inLanguage\":\"es\",\"@id\":\"https:\\\/\\\/taxhelplaw.com\\\/sptax\\\/#\\\/schema\\\/logo\\\/image\\\/\",\"url\":\"https:\\\/\\\/taxhelplaw.com\\\/sptax\\\/wp-content\\\/uploads\\\/2022\\\/01\\\/taxhelpenespanol.jpg\",\"contentUrl\":\"https:\\\/\\\/taxhelplaw.com\\\/sptax\\\/wp-content\\\/uploads\\\/2022\\\/01\\\/taxhelpenespanol.jpg\",\"width\":300,\"height\":101,\"caption\":\"TaxHelp, Inc.\"},\"image\":{\"@id\":\"https:\\\/\\\/taxhelplaw.com\\\/sptax\\\/#\\\/schema\\\/logo\\\/image\\\/\"}}]}<\/script>\n<!-- \/ Yoast SEO Premium plugin. -->","yoast_head_json":{"title":"Aviso ST11. Intenci\u00f3n de apoderarse de sus propiedades - TaxHelpLaw","description":"Aviso ST11 del IRS: Para resolver sus problemas de impuestos y con el IRS, p\u00f3ngase en contacto con nuestro abogado fiscal, el Lic. Hopkins.","robots":{"index":"index","follow":"follow","max-snippet":"max-snippet:-1","max-image-preview":"max-image-preview:large","max-video-preview":"max-video-preview:-1"},"canonical":"https:\/\/taxhelplaw.com\/sptax\/soluciones\/cobros\/aviso-st11\/","og_locale":"es_MX","og_type":"article","og_title":"Aviso ST11","og_description":"Aviso ST11 del IRS: Para resolver sus problemas de impuestos y con el IRS, p\u00f3ngase en contacto con nuestro abogado fiscal, el Lic. Hopkins.","og_url":"https:\/\/taxhelplaw.com\/sptax\/soluciones\/cobros\/aviso-st11\/","og_site_name":"J. David Hopkins, JD LLM","article_modified_time":"2023-02-08T19:55:11+00:00","og_image":[{"url":"https:\/\/taxhelplaw.com\/sptax\/wp-content\/uploads\/2022\/01\/taxhelpenespanol.jpg","type":"","width":"","height":""}],"twitter_card":"summary_large_image","twitter_misc":{"Tiempo de lectura":"2 minutos"},"schema":{"@context":"https:\/\/schema.org","@graph":[{"@type":"WebPage","@id":"https:\/\/taxhelplaw.com\/sptax\/soluciones\/cobros\/aviso-st11\/","url":"https:\/\/taxhelplaw.com\/sptax\/soluciones\/cobros\/aviso-st11\/","name":"Aviso ST11. Intenci\u00f3n de apoderarse de sus propiedades - TaxHelpLaw","isPartOf":{"@id":"https:\/\/taxhelplaw.com\/sptax\/#website"},"primaryImageOfPage":{"@id":"https:\/\/taxhelplaw.com\/sptax\/soluciones\/cobros\/aviso-st11\/#primaryimage"},"image":{"@id":"https:\/\/taxhelplaw.com\/sptax\/soluciones\/cobros\/aviso-st11\/#primaryimage"},"thumbnailUrl":"https:\/\/taxhelplaw.com\/sptax\/wp-content\/uploads\/2022\/01\/taxhelpenespanol.jpg","datePublished":"2015-02-18T23:57:59+00:00","dateModified":"2023-02-08T19:55:11+00:00","description":"Aviso ST11 del IRS: Para resolver sus problemas de impuestos y con el IRS, p\u00f3ngase en contacto con nuestro abogado fiscal, el Lic. Hopkins.","breadcrumb":{"@id":"https:\/\/taxhelplaw.com\/sptax\/soluciones\/cobros\/aviso-st11\/#breadcrumb"},"inLanguage":"es","potentialAction":[{"@type":"ReadAction","target":["https:\/\/taxhelplaw.com\/sptax\/soluciones\/cobros\/aviso-st11\/"]}]},{"@type":"ImageObject","inLanguage":"es","@id":"https:\/\/taxhelplaw.com\/sptax\/soluciones\/cobros\/aviso-st11\/#primaryimage","url":"https:\/\/taxhelplaw.com\/sptax\/wp-content\/uploads\/2022\/01\/taxhelpenespanol.jpg","contentUrl":"https:\/\/taxhelplaw.com\/sptax\/wp-content\/uploads\/2022\/01\/taxhelpenespanol.jpg","width":300,"height":101},{"@type":"BreadcrumbList","@id":"https:\/\/taxhelplaw.com\/sptax\/soluciones\/cobros\/aviso-st11\/#breadcrumb","itemListElement":[{"@type":"ListItem","position":1,"name":"Home","item":"https:\/\/taxhelplaw.com\/sptax\/"},{"@type":"ListItem","position":2,"name":"Soluciones","item":"https:\/\/taxhelplaw.com\/sptax\/soluciones\/"},{"@type":"ListItem","position":3,"name":"Cobros","item":"https:\/\/taxhelplaw.com\/sptax\/soluciones\/cobros\/"},{"@type":"ListItem","position":4,"name":"Aviso ST11"}]},{"@type":"WebSite","@id":"https:\/\/taxhelplaw.com\/sptax\/#website","url":"https:\/\/taxhelplaw.com\/sptax\/","name":"J. David Hopkins, JD LLM","description":"Maestr\u00eda en Derecho Tributario","publisher":{"@id":"https:\/\/taxhelplaw.com\/sptax\/#organization"},"alternateName":"TaxHelpLaw en Espa\u00f1ol","potentialAction":[{"@type":"SearchAction","target":{"@type":"EntryPoint","urlTemplate":"https:\/\/taxhelplaw.com\/sptax\/?s={search_term_string}"},"query-input":{"@type":"PropertyValueSpecification","valueRequired":true,"valueName":"search_term_string"}}],"inLanguage":"es"},{"@type":"Organization","@id":"https:\/\/taxhelplaw.com\/sptax\/#organization","name":"TaxHelp, Inc.","url":"https:\/\/taxhelplaw.com\/sptax\/","logo":{"@type":"ImageObject","inLanguage":"es","@id":"https:\/\/taxhelplaw.com\/sptax\/#\/schema\/logo\/image\/","url":"https:\/\/taxhelplaw.com\/sptax\/wp-content\/uploads\/2022\/01\/taxhelpenespanol.jpg","contentUrl":"https:\/\/taxhelplaw.com\/sptax\/wp-content\/uploads\/2022\/01\/taxhelpenespanol.jpg","width":300,"height":101,"caption":"TaxHelp, Inc."},"image":{"@id":"https:\/\/taxhelplaw.com\/sptax\/#\/schema\/logo\/image\/"}}]}},"jetpack_sharing_enabled":false,"_links":{"self":[{"href":"https:\/\/taxhelplaw.com\/sptax\/wp-json\/wp\/v2\/pages\/1079","targetHints":{"allow":["GET"]}}],"collection":[{"href":"https:\/\/taxhelplaw.com\/sptax\/wp-json\/wp\/v2\/pages"}],"about":[{"href":"https:\/\/taxhelplaw.com\/sptax\/wp-json\/wp\/v2\/types\/page"}],"author":[{"embeddable":true,"href":"https:\/\/taxhelplaw.com\/sptax\/wp-json\/wp\/v2\/users\/1"}],"replies":[{"embeddable":true,"href":"https:\/\/taxhelplaw.com\/sptax\/wp-json\/wp\/v2\/comments?post=1079"}],"version-history":[{"count":14,"href":"https:\/\/taxhelplaw.com\/sptax\/wp-json\/wp\/v2\/pages\/1079\/revisions"}],"predecessor-version":[{"id":6640,"href":"https:\/\/taxhelplaw.com\/sptax\/wp-json\/wp\/v2\/pages\/1079\/revisions\/6640"}],"up":[{"embeddable":true,"href":"https:\/\/taxhelplaw.com\/sptax\/wp-json\/wp\/v2\/pages\/146"}],"wp:attachment":[{"href":"https:\/\/taxhelplaw.com\/sptax\/wp-json\/wp\/v2\/media?parent=1079"}],"curies":[{"name":"wp","href":"https:\/\/api.w.org\/{rel}","templated":true}]}}