{"id":100,"date":"2014-08-06T16:21:38","date_gmt":"2014-08-06T16:21:38","guid":{"rendered":"http:\/\/taxhelplaw.com\/SP\/?page_id=100"},"modified":"2022-12-05T09:03:07","modified_gmt":"2022-12-05T09:03:07","slug":"servicios","status":"publish","type":"page","link":"https:\/\/taxhelplaw.com\/sptax\/firma\/servicios\/","title":{"rendered":"Servicios"},"content":{"rendered":"<p>Nuestros servicios: Nosotros lo podemos defender en todas jurisdicciones y nuestro sitio puede ser usado como una gu\u00eda de recursos para ayudarlo con sus problemas con el IRS.<\/p>\n<h6><strong>Servicio de representaci\u00f3n completa<\/strong><\/h6>\n<p>Tenemos la capacidad y habilidad de proveer servicio de representaci\u00f3n total desde una simple declaraci\u00f3n de impuestos hasta casos en el Tribunal. En la mayor\u00eda de los casos no tendr\u00e1 que hablar con el IRS ya que nosotros actuamos como una barrera entre usted y ellos.<\/p>\n<h6><strong>Pasos para ayudarlo a prepararse<\/strong><\/h6>\n<p>Nosotros sabemos que el costo es un problema para los clientes. Por lo tanto, hemos creado Pasos a seguir para que usted los complete y reduzca el costo solucionando el problema m\u00e1s r\u00e1pido.<\/p>\n<h6><strong>Plan de acci\u00f3n<\/strong><\/h6>\n<p>Independientemente de c\u00f3mo use esta oficina, nosotros proveemos un Plan de acci\u00f3n que ofrece alternativas y costos. Usted tendr\u00e1 una gu\u00eda de lo que puede o debe hacer y los costos aproximados.<\/p>\n<p>Encargarse de sus problemas con el IRS solo, sin ayuda legal, es peligroso porque ellos toman acciones a las cuales usted tiene que responder correctamente o perder\u00e1 su caso.<\/p>\n<p>La mayor\u00eda de los contribuyentes son gente honesta pero no saben responderle apropiadamente al IRS y ellos (el <a href=\"https:\/\/www.irs.gov\/es\" target=\"_blank\" rel=\"noopener\">IRS<\/a>) no son \u00fatiles tampoco. En la mayor\u00eda de los casos TaxHelp hace que su respuesta y la pregunta del IRS coincidan y su caso est\u00e1 resuelto. \u00a1As\u00ed es como podemos resolver el problema en una sola consulta!<\/p>\n<p>TaxHelp lo educar\u00e1 y guiar\u00e1 a trav\u00e9s de sus problemas con el IRS. Lo podemos representar completamente o lo podemos aconsejar si usted se ocupa de su caso.<\/p>\n<p>De cualquier manera, con nuestros servicios usted ahorrar\u00e1 tiempo y dinero.<\/p>\n<p>Si ha recibido un aviso o carta del IRS haga clic <a title=\"Disputas\" href=\"\/\/taxhelplaw.com\/sptax\/disputas\/\"><span style=\"color: #0000ff;\"><strong>aqu\u00ed<\/strong><\/span><\/a>.<\/p>\n<p>Vea enlaces a otros sitios importantes <a title=\"Enlaces Vitales y Recursos\" href=\"\/\/taxhelplaw.com\/sptax\/enlaces-vitales-y-recursos\/\"><strong><span style=\"color: #0000ff;\">aqu\u00ed<\/span><\/strong><\/a>.<\/p>\n<p>Vea preguntas y respuestas <a title=\"Preguntas m\u00e1s frecuentes\" href=\"\/\/taxhelplaw.com\/sptax\/disputas\/preguntas-mas-frecuentes\/\"><span style=\"color: #0000ff;\"><strong>aqu\u00ed<\/strong><\/span><\/a>.<\/p>\n<p><a href=\"https:\/\/taxhelplaw.com\/sptax\/sample-page-2\/contactenos\/\"><img loading=\"lazy\" decoding=\"async\" class=\"aligncenter size-full wp-image-3464\" title=\"Servicios de impuestos, TaxHelpLaw\" src=\"https:\/\/taxhelplaw.com\/sptax\/wp-content\/uploads\/2022\/01\/taxhelpenespanol.jpg\" alt=\"Servicios de impuestos, TaxHelpLaw. Abogado de derecho fiscal en Colorado Springs. Abogado de impuestos en Colorado Springs\" width=\"300\" height=\"101\" \/><\/a><\/p>\n","protected":false},"excerpt":{"rendered":"<p>Nuestros servicios: Nosotros lo podemos defender en todas jurisdicciones y nuestro sitio puede ser usado como una gu\u00eda de recursos para ayudarlo con sus problemas con el IRS. Servicio de representaci\u00f3n completa Tenemos la capacidad y habilidad de proveer servicio de representaci\u00f3n total desde una simple declaraci\u00f3n de impuestos hasta casos en el Tribunal. En [&hellip;]<\/p>\n","protected":false},"author":1,"featured_media":0,"parent":1866,"menu_order":10,"comment_status":"closed","ping_status":"closed","template":"","meta":{"_genesis_hide_title":false,"_genesis_hide_breadcrumbs":false,"_genesis_hide_singular_image":false,"_genesis_hide_footer_widgets":false,"_genesis_custom_body_class":"","_genesis_custom_post_class":"","_genesis_layout":"","footnotes":""},"class_list":{"0":"post-100","1":"page","2":"type-page","3":"status-publish","5":"entry"},"yoast_head":"<!-- This site is optimized with the Yoast SEO Premium plugin v27.0 (Yoast SEO v27.4) - https:\/\/yoast.com\/product\/yoast-seo-premium-wordpress\/ -->\n<title>Servicios de impuestos en Colorado - J. David Hopkins, JD LLM<\/title>\n<meta name=\"description\" content=\"Servicios: lo podemos defender en todas jurisdicciones. Nuestro sitio web tiene una gu\u00eda de recursos y servicios,\" \/>\n<meta name=\"robots\" content=\"index, follow, max-snippet:-1, max-image-preview:large, max-video-preview:-1\" \/>\n<link rel=\"canonical\" href=\"https:\/\/taxhelplaw.com\/sptax\/firma\/servicios\/\" \/>\n<meta property=\"og:locale\" content=\"es_MX\" \/>\n<meta property=\"og:type\" content=\"article\" \/>\n<meta property=\"og:title\" content=\"Servicios\" \/>\n<meta property=\"og:description\" content=\"Servicios: lo podemos defender en todas jurisdicciones. Nuestro sitio web tiene una gu\u00eda de recursos y servicios,\" \/>\n<meta property=\"og:url\" content=\"https:\/\/taxhelplaw.com\/sptax\/firma\/servicios\/\" \/>\n<meta property=\"og:site_name\" content=\"J. David Hopkins, JD LLM\" \/>\n<meta property=\"article:modified_time\" content=\"2022-12-05T09:03:07+00:00\" \/>\n<meta property=\"og:image\" content=\"https:\/\/taxhelplaw.com\/sptax\/wp-content\/uploads\/2022\/01\/taxhelpenespanol.jpg\" \/>\n<meta name=\"twitter:card\" content=\"summary_large_image\" \/>\n<meta name=\"twitter:label1\" content=\"Tiempo de lectura\" \/>\n\t<meta name=\"twitter:data1\" content=\"2 minutos\" \/>\n<script type=\"application\/ld+json\" class=\"yoast-schema-graph\">{\"@context\":\"https:\\\/\\\/schema.org\",\"@graph\":[{\"@type\":\"WebPage\",\"@id\":\"https:\\\/\\\/taxhelplaw.com\\\/sptax\\\/firma\\\/servicios\\\/\",\"url\":\"https:\\\/\\\/taxhelplaw.com\\\/sptax\\\/firma\\\/servicios\\\/\",\"name\":\"Servicios de impuestos en Colorado - J. David Hopkins, JD LLM\",\"isPartOf\":{\"@id\":\"https:\\\/\\\/taxhelplaw.com\\\/sptax\\\/#website\"},\"primaryImageOfPage\":{\"@id\":\"https:\\\/\\\/taxhelplaw.com\\\/sptax\\\/firma\\\/servicios\\\/#primaryimage\"},\"image\":{\"@id\":\"https:\\\/\\\/taxhelplaw.com\\\/sptax\\\/firma\\\/servicios\\\/#primaryimage\"},\"thumbnailUrl\":\"https:\\\/\\\/taxhelplaw.com\\\/sptax\\\/wp-content\\\/uploads\\\/2022\\\/01\\\/taxhelpenespanol.jpg\",\"datePublished\":\"2014-08-06T16:21:38+00:00\",\"dateModified\":\"2022-12-05T09:03:07+00:00\",\"description\":\"Servicios: lo podemos defender en todas jurisdicciones. Nuestro sitio web tiene una gu\u00eda de recursos y servicios,\",\"breadcrumb\":{\"@id\":\"https:\\\/\\\/taxhelplaw.com\\\/sptax\\\/firma\\\/servicios\\\/#breadcrumb\"},\"inLanguage\":\"es\",\"potentialAction\":[{\"@type\":\"ReadAction\",\"target\":[\"https:\\\/\\\/taxhelplaw.com\\\/sptax\\\/firma\\\/servicios\\\/\"]}]},{\"@type\":\"ImageObject\",\"inLanguage\":\"es\",\"@id\":\"https:\\\/\\\/taxhelplaw.com\\\/sptax\\\/firma\\\/servicios\\\/#primaryimage\",\"url\":\"https:\\\/\\\/taxhelplaw.com\\\/sptax\\\/wp-content\\\/uploads\\\/2022\\\/01\\\/taxhelpenespanol.jpg\",\"contentUrl\":\"https:\\\/\\\/taxhelplaw.com\\\/sptax\\\/wp-content\\\/uploads\\\/2022\\\/01\\\/taxhelpenespanol.jpg\",\"width\":300,\"height\":101},{\"@type\":\"BreadcrumbList\",\"@id\":\"https:\\\/\\\/taxhelplaw.com\\\/sptax\\\/firma\\\/servicios\\\/#breadcrumb\",\"itemListElement\":[{\"@type\":\"ListItem\",\"position\":1,\"name\":\"Home\",\"item\":\"https:\\\/\\\/taxhelplaw.com\\\/sptax\\\/\"},{\"@type\":\"ListItem\",\"position\":2,\"name\":\"Firma\",\"item\":\"https:\\\/\\\/taxhelplaw.com\\\/sptax\\\/firma\\\/\"},{\"@type\":\"ListItem\",\"position\":3,\"name\":\"Servicios\"}]},{\"@type\":\"WebSite\",\"@id\":\"https:\\\/\\\/taxhelplaw.com\\\/sptax\\\/#website\",\"url\":\"https:\\\/\\\/taxhelplaw.com\\\/sptax\\\/\",\"name\":\"J. David Hopkins, JD LLM\",\"description\":\"Maestr\u00eda en Derecho Tributario\",\"publisher\":{\"@id\":\"https:\\\/\\\/taxhelplaw.com\\\/sptax\\\/#organization\"},\"alternateName\":\"TaxHelpLaw en Espa\u00f1ol\",\"potentialAction\":[{\"@type\":\"SearchAction\",\"target\":{\"@type\":\"EntryPoint\",\"urlTemplate\":\"https:\\\/\\\/taxhelplaw.com\\\/sptax\\\/?s={search_term_string}\"},\"query-input\":{\"@type\":\"PropertyValueSpecification\",\"valueRequired\":true,\"valueName\":\"search_term_string\"}}],\"inLanguage\":\"es\"},{\"@type\":\"Organization\",\"@id\":\"https:\\\/\\\/taxhelplaw.com\\\/sptax\\\/#organization\",\"name\":\"TaxHelp, Inc.\",\"url\":\"https:\\\/\\\/taxhelplaw.com\\\/sptax\\\/\",\"logo\":{\"@type\":\"ImageObject\",\"inLanguage\":\"es\",\"@id\":\"https:\\\/\\\/taxhelplaw.com\\\/sptax\\\/#\\\/schema\\\/logo\\\/image\\\/\",\"url\":\"https:\\\/\\\/taxhelplaw.com\\\/sptax\\\/wp-content\\\/uploads\\\/2022\\\/01\\\/taxhelpenespanol.jpg\",\"contentUrl\":\"https:\\\/\\\/taxhelplaw.com\\\/sptax\\\/wp-content\\\/uploads\\\/2022\\\/01\\\/taxhelpenespanol.jpg\",\"width\":300,\"height\":101,\"caption\":\"TaxHelp, Inc.\"},\"image\":{\"@id\":\"https:\\\/\\\/taxhelplaw.com\\\/sptax\\\/#\\\/schema\\\/logo\\\/image\\\/\"}}]}<\/script>\n<!-- \/ Yoast SEO Premium plugin. -->","yoast_head_json":{"title":"Servicios de impuestos en Colorado - J. David Hopkins, JD LLM","description":"Servicios: lo podemos defender en todas jurisdicciones. Nuestro sitio web tiene una gu\u00eda de recursos y servicios,","robots":{"index":"index","follow":"follow","max-snippet":"max-snippet:-1","max-image-preview":"max-image-preview:large","max-video-preview":"max-video-preview:-1"},"canonical":"https:\/\/taxhelplaw.com\/sptax\/firma\/servicios\/","og_locale":"es_MX","og_type":"article","og_title":"Servicios","og_description":"Servicios: lo podemos defender en todas jurisdicciones. Nuestro sitio web tiene una gu\u00eda de recursos y servicios,","og_url":"https:\/\/taxhelplaw.com\/sptax\/firma\/servicios\/","og_site_name":"J. David Hopkins, JD LLM","article_modified_time":"2022-12-05T09:03:07+00:00","og_image":[{"url":"https:\/\/taxhelplaw.com\/sptax\/wp-content\/uploads\/2022\/01\/taxhelpenespanol.jpg","type":"","width":"","height":""}],"twitter_card":"summary_large_image","twitter_misc":{"Tiempo de lectura":"2 minutos"},"schema":{"@context":"https:\/\/schema.org","@graph":[{"@type":"WebPage","@id":"https:\/\/taxhelplaw.com\/sptax\/firma\/servicios\/","url":"https:\/\/taxhelplaw.com\/sptax\/firma\/servicios\/","name":"Servicios de impuestos en Colorado - J. David Hopkins, JD LLM","isPartOf":{"@id":"https:\/\/taxhelplaw.com\/sptax\/#website"},"primaryImageOfPage":{"@id":"https:\/\/taxhelplaw.com\/sptax\/firma\/servicios\/#primaryimage"},"image":{"@id":"https:\/\/taxhelplaw.com\/sptax\/firma\/servicios\/#primaryimage"},"thumbnailUrl":"https:\/\/taxhelplaw.com\/sptax\/wp-content\/uploads\/2022\/01\/taxhelpenespanol.jpg","datePublished":"2014-08-06T16:21:38+00:00","dateModified":"2022-12-05T09:03:07+00:00","description":"Servicios: lo podemos defender en todas jurisdicciones. Nuestro sitio web tiene una gu\u00eda de recursos y servicios,","breadcrumb":{"@id":"https:\/\/taxhelplaw.com\/sptax\/firma\/servicios\/#breadcrumb"},"inLanguage":"es","potentialAction":[{"@type":"ReadAction","target":["https:\/\/taxhelplaw.com\/sptax\/firma\/servicios\/"]}]},{"@type":"ImageObject","inLanguage":"es","@id":"https:\/\/taxhelplaw.com\/sptax\/firma\/servicios\/#primaryimage","url":"https:\/\/taxhelplaw.com\/sptax\/wp-content\/uploads\/2022\/01\/taxhelpenespanol.jpg","contentUrl":"https:\/\/taxhelplaw.com\/sptax\/wp-content\/uploads\/2022\/01\/taxhelpenespanol.jpg","width":300,"height":101},{"@type":"BreadcrumbList","@id":"https:\/\/taxhelplaw.com\/sptax\/firma\/servicios\/#breadcrumb","itemListElement":[{"@type":"ListItem","position":1,"name":"Home","item":"https:\/\/taxhelplaw.com\/sptax\/"},{"@type":"ListItem","position":2,"name":"Firma","item":"https:\/\/taxhelplaw.com\/sptax\/firma\/"},{"@type":"ListItem","position":3,"name":"Servicios"}]},{"@type":"WebSite","@id":"https:\/\/taxhelplaw.com\/sptax\/#website","url":"https:\/\/taxhelplaw.com\/sptax\/","name":"J. David Hopkins, JD LLM","description":"Maestr\u00eda en Derecho Tributario","publisher":{"@id":"https:\/\/taxhelplaw.com\/sptax\/#organization"},"alternateName":"TaxHelpLaw en Espa\u00f1ol","potentialAction":[{"@type":"SearchAction","target":{"@type":"EntryPoint","urlTemplate":"https:\/\/taxhelplaw.com\/sptax\/?s={search_term_string}"},"query-input":{"@type":"PropertyValueSpecification","valueRequired":true,"valueName":"search_term_string"}}],"inLanguage":"es"},{"@type":"Organization","@id":"https:\/\/taxhelplaw.com\/sptax\/#organization","name":"TaxHelp, Inc.","url":"https:\/\/taxhelplaw.com\/sptax\/","logo":{"@type":"ImageObject","inLanguage":"es","@id":"https:\/\/taxhelplaw.com\/sptax\/#\/schema\/logo\/image\/","url":"https:\/\/taxhelplaw.com\/sptax\/wp-content\/uploads\/2022\/01\/taxhelpenespanol.jpg","contentUrl":"https:\/\/taxhelplaw.com\/sptax\/wp-content\/uploads\/2022\/01\/taxhelpenespanol.jpg","width":300,"height":101,"caption":"TaxHelp, Inc."},"image":{"@id":"https:\/\/taxhelplaw.com\/sptax\/#\/schema\/logo\/image\/"}}]}},"jetpack_sharing_enabled":true,"_links":{"self":[{"href":"https:\/\/taxhelplaw.com\/sptax\/wp-json\/wp\/v2\/pages\/100","targetHints":{"allow":["GET"]}}],"collection":[{"href":"https:\/\/taxhelplaw.com\/sptax\/wp-json\/wp\/v2\/pages"}],"about":[{"href":"https:\/\/taxhelplaw.com\/sptax\/wp-json\/wp\/v2\/types\/page"}],"author":[{"embeddable":true,"href":"https:\/\/taxhelplaw.com\/sptax\/wp-json\/wp\/v2\/users\/1"}],"replies":[{"embeddable":true,"href":"https:\/\/taxhelplaw.com\/sptax\/wp-json\/wp\/v2\/comments?post=100"}],"version-history":[{"count":5,"href":"https:\/\/taxhelplaw.com\/sptax\/wp-json\/wp\/v2\/pages\/100\/revisions"}],"predecessor-version":[{"id":4746,"href":"https:\/\/taxhelplaw.com\/sptax\/wp-json\/wp\/v2\/pages\/100\/revisions\/4746"}],"up":[{"embeddable":true,"href":"https:\/\/taxhelplaw.com\/sptax\/wp-json\/wp\/v2\/pages\/1866"}],"wp:attachment":[{"href":"https:\/\/taxhelplaw.com\/sptax\/wp-json\/wp\/v2\/media?parent=100"}],"curies":[{"name":"wp","href":"https:\/\/api.w.org\/{rel}","templated":true}]}}